{"id":174,"date":"2017-05-25T13:13:33","date_gmt":"2017-05-25T11:13:33","guid":{"rendered":"http:\/\/trioveda.de\/?page_id=174"},"modified":"2026-02-27T06:23:48","modified_gmt":"2026-02-27T05:23:48","slug":"impressum","status":"publish","type":"page","link":"http:\/\/trioveda.de\/?page_id=174","title":{"rendered":"Impressum"},"content":{"rendered":"<p>Claudia Haug<br \/>\nLanger Weg 20<br \/>\n73560 Winterbach<\/p>\n<p>info@trioveda.de<br \/>\nwww.trioveda.de<\/p>\n<p>&nbsp;<\/p>\n<p>Die Inhalte dieser Internetseite wurden nach bestem Wissen und Gewissen erstellt. Auch wenn wir die Inhalte externer Links sorgf\u00e4ltig \u00fcberpr\u00fcfen, \u00fcbernehmen wir keinerlei Haftung f\u00fcr die Inhalte externer Links. F\u00fcr die Inhalte der verlinkten Seiten sind ausschlie\u00dflich die entsprechenden Betreiber verantwortlich.<\/p>\n<p>Alle auf dieser Internetseite verwendeten Bilder stammen von www.unsplash.com oder wurden selbst aufgenommen bzw. selbst gezeichnet.<\/p>\n","protected":false},"excerpt":{"rendered":"<p>Claudia Haug Langer Weg 20 73560 Winterbach info@trioveda.de www.trioveda.de &nbsp; Die Inhalte dieser Internetseite wurden nach bestem Wissen und Gewissen erstellt. Auch [&hellip;]<\/p>\n","protected":false},"author":1,"featured_media":0,"parent":0,"menu_order":0,"comment_status":"closed","ping_status":"closed","template":"","meta":{"footnotes":""},"class_list":["post-174","page","type-page","status-publish","hentry"],"_links":{"self":[{"href":"http:\/\/trioveda.de\/index.php?rest_route=\/wp\/v2\/pages\/174","targetHints":{"allow":["GET"]}}],"collection":[{"href":"http:\/\/trioveda.de\/index.php?rest_route=\/wp\/v2\/pages"}],"about":[{"href":"http:\/\/trioveda.de\/index.php?rest_route=\/wp\/v2\/types\/page"}],"author":[{"embeddable":true,"href":"http:\/\/trioveda.de\/index.php?rest_route=\/wp\/v2\/users\/1"}],"replies":[{"embeddable":true,"href":"http:\/\/trioveda.de\/index.php?rest_route=%2Fwp%2Fv2%2Fcomments&post=174"}],"version-history":[{"count":2,"href":"http:\/\/trioveda.de\/index.php?rest_route=\/wp\/v2\/pages\/174\/revisions"}],"predecessor-version":[{"id":255,"href":"http:\/\/trioveda.de\/index.php?rest_route=\/wp\/v2\/pages\/174\/revisions\/255"}],"wp:attachment":[{"href":"http:\/\/trioveda.de\/index.php?rest_route=%2Fwp%2Fv2%2Fmedia&parent=174"}],"curies":[{"name":"wp","href":"https:\/\/api.w.org\/{rel}","templated":true}]}}