{"id":73,"date":"2017-04-03T20:13:20","date_gmt":"2017-04-03T18:13:20","guid":{"rendered":"http:\/\/trioveda.de\/?page_id=73"},"modified":"2017-05-25T13:40:16","modified_gmt":"2017-05-25T11:40:16","slug":"ueber-mich","status":"publish","type":"page","link":"http:\/\/trioveda.de\/?page_id=73","title":{"rendered":"\u00dcber mich"},"content":{"rendered":"<p><img loading=\"lazy\" decoding=\"async\" class=\"size-full wp-image-76 alignright\" src=\"http:\/\/trioveda.de\/wp-content\/uploads\/2017\/04\/Claudia.jpg\" alt=\"\" width=\"245\" height=\"207\" srcset=\"http:\/\/trioveda.de\/wp-content\/uploads\/2017\/04\/Claudia.jpg 245w, http:\/\/trioveda.de\/wp-content\/uploads\/2017\/04\/Claudia-230x194.jpg 230w\" sizes=\"auto, (max-width: 245px) 100vw, 245px\" \/><\/p>\n<p>&nbsp;<\/p>\n<h3><strong>Claudia Haug<\/strong><\/h3>\n<p><strong>geb. 1962, verheiratet<\/strong><\/p>\n<p><strong>Naturveda\u00ae Ern\u00e4hrungsberaterin D.N.I.<\/strong><\/p>\n<p><strong>Ausbildung in Ayurveda Massage<\/strong><\/p>\n<p>&nbsp;<\/p>\n<p>&nbsp;<\/p>\n<p>&nbsp;<\/p>\n<p>Als ausgebildete Wirtschaftskorrespondentin und Fachkauffrau f\u00fcr Au\u00dfenwirtschaft arbeite ich seit vielen Jahren in exportorientierten Unternehmen.<\/p>\n<p>Als dann vor einigen Jahren einige bedeutende Menschen in meinem Umfeld schwer erkrankten, kam dann die Wende. Ich begann damit, mich immer mehr mit den Themen Ern\u00e4hrung im ganzheitlichen Sinne zu besch\u00e4ftigen. Auch alternative Heilmethoden hatte ich dabei sehr im Fokus. Nach langer Recherche entdeckte ich dann mehr oder weniger zuf\u00e4llig das Naturveda Institut in Karlsruhe. Ich war sofort \u201eFeuer und Flamme\u201c und habe mich f\u00fcr das einj\u00e4hrige Wochenendstudium angemeldet. Meine Abschlussarbeit habe ich dann Ende 2011 geschrieben und das Studium erfolgreich abgeschlossen. Die NATURVEDA Ausbildung war das Beste, was mir passieren konnte und ich bin f\u00fcr jedes Wissen und jede Erkenntnis, die ich erfahren durfte, sehr dankbar. Heute ist es mein Wunsch, interessierten Menschen mit Rat und Tat zur Seite zu stehen.<\/p>\n<p>2014 habe ich mir dann noch ein \u201eHighlight\u201c geg\u00f6nnt und am Shambovi Institut in Fellbach eine Ausbildung in Ayurveda Marma-Massage absolviert. Die beiden Ausbildungen erg\u00e4nzen sich, und lassen sich sehr gut zusammen in Einklang bringen. Es ist ein Prozess, bis sich neue Wege und Einsichten manifestieren. Mir geht es damit heute sehr viel besser \u2013 und, sollte es doch mal einen schlechten Tag geben, wei\u00df ich mir selbst meistens zu helfen.<\/p>\n<p>Geben Sie sich auch diese Chance!<\/p>\n<p>Ich freue mich darauf, Sie auf Ihrem neuen Weg zu mehr Wohlbefinden zu begleiten!<\/p>\n<p>&nbsp;<\/p>\n<p>Wenn Sie mit mir in Verbindung treten m\u00f6chten, k\u00f6nnen Sie mir gerne \u00fcber mein <a href=\"http:\/\/trioveda.de\/?page_id=153\">Kontaktformular<\/a> schreiben.<\/p>\n","protected":false},"excerpt":{"rendered":"<p>&nbsp; Claudia Haug geb. 1962, verheiratet Naturveda\u00ae Ern\u00e4hrungsberaterin D.N.I. Ausbildung in Ayurveda Massage &nbsp; &nbsp; &nbsp; Als ausgebildete Wirtschaftskorrespondentin und Fachkauffrau f\u00fcr [&hellip;]<\/p>\n","protected":false},"author":1,"featured_media":0,"parent":0,"menu_order":0,"comment_status":"closed","ping_status":"closed","template":"","meta":{"footnotes":""},"class_list":["post-73","page","type-page","status-publish","hentry"],"_links":{"self":[{"href":"http:\/\/trioveda.de\/index.php?rest_route=\/wp\/v2\/pages\/73","targetHints":{"allow":["GET"]}}],"collection":[{"href":"http:\/\/trioveda.de\/index.php?rest_route=\/wp\/v2\/pages"}],"about":[{"href":"http:\/\/trioveda.de\/index.php?rest_route=\/wp\/v2\/types\/page"}],"author":[{"embeddable":true,"href":"http:\/\/trioveda.de\/index.php?rest_route=\/wp\/v2\/users\/1"}],"replies":[{"embeddable":true,"href":"http:\/\/trioveda.de\/index.php?rest_route=%2Fwp%2Fv2%2Fcomments&post=73"}],"version-history":[{"count":8,"href":"http:\/\/trioveda.de\/index.php?rest_route=\/wp\/v2\/pages\/73\/revisions"}],"predecessor-version":[{"id":183,"href":"http:\/\/trioveda.de\/index.php?rest_route=\/wp\/v2\/pages\/73\/revisions\/183"}],"wp:attachment":[{"href":"http:\/\/trioveda.de\/index.php?rest_route=%2Fwp%2Fv2%2Fmedia&parent=73"}],"curies":[{"name":"wp","href":"https:\/\/api.w.org\/{rel}","templated":true}]}}