{"id":104,"date":"2017-04-03T20:54:33","date_gmt":"2017-04-03T18:54:33","guid":{"rendered":"http:\/\/trioveda.de\/?page_id=104"},"modified":"2017-05-25T13:38:02","modified_gmt":"2017-05-25T11:38:02","slug":"beratung","status":"publish","type":"page","link":"https:\/\/trioveda.de\/?page_id=104","title":{"rendered":"Beratung"},"content":{"rendered":"<p style=\"text-align: center;\"><em>Wir alle haben zwei Leben.<\/em><br \/>\n<em>Das Zweite beginnt, wenn wir merken, dass wir nur Eines haben<\/em><br \/>\n<em>&#8211; Tom Hiddleston &#8211;<\/em><\/p>\n<h5 style=\"text-align: left;\">Einzelberatung<\/h5>\n<ul>\n<li>Individuelle Ern\u00e4hrungsberatung nach Naturveda<\/li>\n<li>Stoffwechselanalyse<\/li>\n<li>Sanfte Reinigungs- und Entgiftungsmethoden<\/li>\n<li>Ern\u00e4hrung als Pr\u00e4vention<\/li>\n<li>Ern\u00e4hrung bei speziellen Erkrankungen<\/li>\n<li>Tipps zur \u201ePsychohygiene\u201c<\/li>\n<li>Tipps zum Stressabbau<\/li>\n<\/ul>\n<p>&nbsp;<\/p>\n<h5>Onlineberatung<\/h5>\n<ul>\n<li>Sie schildern mir Ihr \u201eThema\u201c und ich werde Ihnen gezielte Tipps und Ratschl\u00e4ge geben. Ganz individuell nach Ihren W\u00fcnschen und Bed\u00fcrfnissen Bei Bedarf k\u00f6nnen wir auch ein kurzes Telefonat f\u00fchren. Auch im Nachgang d\u00fcrfen Sie mich gerne nochmals per E-Mail kontaktieren, falls noch Fragen offen sind.<\/li>\n<\/ul>\n<p>&nbsp;<\/p>\n<h5>Kurzberatung<\/h5>\n<ul>\n<li>Sie sind schon gut beraten, haben dennoch eine gezielte Frage, zu der Sie gerne noch mehr wissen m\u00f6chten?<\/li>\n<\/ul>\n<p>&nbsp;<\/p>\n<h5>Beratung zu nat\u00fcrlichen Nahrungserg\u00e4nzungen<\/h5>\n<ul>\n<li>Sie m\u00f6chten noch ein \u201eI-T\u00fcpfelchen\u201c draufsetzen und Ihren K\u00f6rper ganz gezielt mit einer nat\u00fcrlichen Nahrungserg\u00e4nzung unterst\u00fctzen? Sie wissen aber nicht genau, was f\u00fcr Sie sinnvoll ist und welchem Anbieter Sie vertrauen sollen? Naturveda bietet auch umfangreiches Wissen zu Adaptogenen an. Adaptogene sind biologisch aktive Pflanzenstoffe, die dem Organismus helfen sollen, sich erh\u00f6hten k\u00f6rperlichen und emotionalen Stresssituationen anzupassen.<\/li>\n<\/ul>\n<p>&nbsp;<\/p>\n<p>Bei Interesse an diesem Thema, k\u00f6nnen Sie mir gerne \u00fcber mein <a href=\"http:\/\/trioveda.de\/?page_id=153\">Kontaktformular<\/a> schreiben.<\/p>\n","protected":false},"excerpt":{"rendered":"<p>Wir alle haben zwei Leben. Das Zweite beginnt, wenn wir merken, dass wir nur Eines haben &#8211; Tom Hiddleston &#8211; Einzelberatung Individuelle [&hellip;]<\/p>\n","protected":false},"author":1,"featured_media":0,"parent":0,"menu_order":0,"comment_status":"closed","ping_status":"closed","template":"","meta":{"footnotes":""},"class_list":["post-104","page","type-page","status-publish","hentry"],"_links":{"self":[{"href":"https:\/\/trioveda.de\/index.php?rest_route=\/wp\/v2\/pages\/104","targetHints":{"allow":["GET"]}}],"collection":[{"href":"https:\/\/trioveda.de\/index.php?rest_route=\/wp\/v2\/pages"}],"about":[{"href":"https:\/\/trioveda.de\/index.php?rest_route=\/wp\/v2\/types\/page"}],"author":[{"embeddable":true,"href":"https:\/\/trioveda.de\/index.php?rest_route=\/wp\/v2\/users\/1"}],"replies":[{"embeddable":true,"href":"https:\/\/trioveda.de\/index.php?rest_route=%2Fwp%2Fv2%2Fcomments&post=104"}],"version-history":[{"count":6,"href":"https:\/\/trioveda.de\/index.php?rest_route=\/wp\/v2\/pages\/104\/revisions"}],"predecessor-version":[{"id":178,"href":"https:\/\/trioveda.de\/index.php?rest_route=\/wp\/v2\/pages\/104\/revisions\/178"}],"wp:attachment":[{"href":"https:\/\/trioveda.de\/index.php?rest_route=%2Fwp%2Fv2%2Fmedia&parent=104"}],"curies":[{"name":"wp","href":"https:\/\/api.w.org\/{rel}","templated":true}]}}