{"id":113,"date":"2017-04-03T20:59:43","date_gmt":"2017-04-03T18:59:43","guid":{"rendered":"http:\/\/trioveda.de\/?page_id=113"},"modified":"2017-05-25T13:38:38","modified_gmt":"2017-05-25T11:38:38","slug":"ayurveda-marma-massage","status":"publish","type":"page","link":"https:\/\/trioveda.de\/?page_id=113","title":{"rendered":"Ayurveda Marma Massage"},"content":{"rendered":"<p style=\"text-align: center;\"><em>Wenn du willst, was du noch nie gehabt hast, dann tu was du noch nie getan hast. <\/em><br \/>\n<em>&#8211; Peseschkian &#8211;<\/em><\/p>\n<p>Die Marma-Massage ist die ayurvedische Antwort auf die Physiotherapie. Die Kr\u00f6nung der ayurvedischen K\u00f6rpertherapie ist die Behandlung der Marma-Punkte.<\/p>\n<p>Es handelt sich um eine Ganzk\u00f6rpermassage, die mit warmen \u00d6len durchgef\u00fchrt wird. Verschiedene Marma-Punkte (Vitalpunkte) am K\u00f6rper werden dabei intensiv massiert. Abgesehen vom Wohlf\u00fchl- und Wellnesseffekt kann diese Art von Massage auch Blockaden l\u00f6sen und die Energien wieder in Fluss bringen. Die Marma-Massage verbessert auch den Stoffwechsel. Sie reinigt den K\u00f6rper und sie entgiftet. Um die Giftstoffe besser ausscheiden zu k\u00f6nnen, sollten Sie am Tag der Massage viel trinken.<\/p>\n<p>Ich biete die Massage nur f\u00fcr Frauen an. Sehr zu empfehlen ist sie auch f\u00fcr Frauen rund um die Wechseljahre, bei Verspannungen, Stress oder zum Beispiel auch bei Migr\u00e4ne.<\/p>\n<p>G\u00f6nnen Sie sich ruhig einmal eine Pause und lassen Sie sich von einer Massage verw\u00f6hnen!<\/p>\n<p>&nbsp;<\/p>\n<p>Bei Interesse an diesem Thema, k\u00f6nnen Sie mir gerne \u00fcber mein <a href=\"http:\/\/trioveda.de\/?page_id=153\">Kontaktformular<\/a> schreiben.<\/p>\n","protected":false},"excerpt":{"rendered":"<p>Wenn du willst, was du noch nie gehabt hast, dann tu was du noch nie getan hast. &#8211; Peseschkian &#8211; Die Marma-Massage [&hellip;]<\/p>\n","protected":false},"author":1,"featured_media":0,"parent":0,"menu_order":0,"comment_status":"closed","ping_status":"closed","template":"","meta":{"footnotes":""},"class_list":["post-113","page","type-page","status-publish","hentry"],"_links":{"self":[{"href":"https:\/\/trioveda.de\/index.php?rest_route=\/wp\/v2\/pages\/113","targetHints":{"allow":["GET"]}}],"collection":[{"href":"https:\/\/trioveda.de\/index.php?rest_route=\/wp\/v2\/pages"}],"about":[{"href":"https:\/\/trioveda.de\/index.php?rest_route=\/wp\/v2\/types\/page"}],"author":[{"embeddable":true,"href":"https:\/\/trioveda.de\/index.php?rest_route=\/wp\/v2\/users\/1"}],"replies":[{"embeddable":true,"href":"https:\/\/trioveda.de\/index.php?rest_route=%2Fwp%2Fv2%2Fcomments&post=113"}],"version-history":[{"count":3,"href":"https:\/\/trioveda.de\/index.php?rest_route=\/wp\/v2\/pages\/113\/revisions"}],"predecessor-version":[{"id":179,"href":"https:\/\/trioveda.de\/index.php?rest_route=\/wp\/v2\/pages\/113\/revisions\/179"}],"wp:attachment":[{"href":"https:\/\/trioveda.de\/index.php?rest_route=%2Fwp%2Fv2%2Fmedia&parent=113"}],"curies":[{"name":"wp","href":"https:\/\/api.w.org\/{rel}","templated":true}]}}