{"id":93,"date":"2017-04-03T20:40:13","date_gmt":"2017-04-03T18:40:13","guid":{"rendered":"http:\/\/trioveda.de\/?page_id=93"},"modified":"2017-05-25T13:39:51","modified_gmt":"2017-05-25T11:39:51","slug":"naturveda","status":"publish","type":"page","link":"https:\/\/trioveda.de\/?page_id=93","title":{"rendered":"Naturveda"},"content":{"rendered":"<p style=\"text-align: center;\"><em>Der erste Tag, an dem der K\u00f6rper mehr Energie verbraucht als er erzeugt, ist der erste Tag der Krankheit.<\/em><br \/>\n<em>&#8211; Dr. Carey Reams &#8211;<\/em><\/p>\n<p>Die Wurzeln des <strong>Naturveda<\/strong> kommen von Dr. Carey Reams. Er war Mediziner und Agrarwissenschaftler, au\u00dferdem hatte er einen Nebenabschluss in Chemie abgelegt. Dr. Reams war kein gew\u00f6hnlicher Mensch, er war ein Genie! F\u00fcr Dr. Reams bestand der N\u00e4hrboden f\u00fcr viele Krankheiten in einer gest\u00f6rten K\u00f6rperchemie &#8211; durch fehlende Vitalstoffe und durch einen verschlackten K\u00f6rper.<\/p>\n<p>Nach jahrelanger Forschungsarbeit wurde <strong>NATURVEDA<\/strong> im Jahr 1999 von Pedro de Souza, und dem Dipl.-Biologen und Heilpraktiker Martin Geiger gegr\u00fcndet. Bis zum heutigen Tag wird weiter an dieser ganzheitlichen Lehre geforscht.<\/p>\n<p><strong>NATURVEDA<\/strong> arbeitet nach dem Prinzip von Ursache und Wirkung. Wird nur an den Symptomen \u201eherumgedoktert\u201c, wird das Ergebnis nie Gesundheit sein.<\/p>\n<p><strong>NATURVEDA<\/strong> zielt darauf ab, dem K\u00f6rper wieder mehr Energie zuzuf\u00fchren, zu entgiften und von Schlackstoffen zu befreien. Bei einer konsequenten Anwendung werden Sie recht schnell sp\u00fcren, dass Sie sich viel ges\u00fcnder und vitaler f\u00fchlen.<\/p>\n<p><strong>NATURVEDA<\/strong> kann viel bewirken, sowohl in der Pr\u00e4vention, als auch bei bereits bestehenden Krankheiten oder Beschwerden. Es eignet sich f\u00fcr Jung und Alt.<\/p>\n<p>&nbsp;<\/p>\n<p>Bei Interesse an diesem Thema, k\u00f6nnen Sie mir gerne \u00fcber mein <a href=\"http:\/\/trioveda.de\/?page_id=153\">Kontaktformular<\/a> schreiben.<\/p>\n","protected":false},"excerpt":{"rendered":"<p>Der erste Tag, an dem der K\u00f6rper mehr Energie verbraucht als er erzeugt, ist der erste Tag der Krankheit. &#8211; Dr. Carey [&hellip;]<\/p>\n","protected":false},"author":1,"featured_media":125,"parent":0,"menu_order":0,"comment_status":"closed","ping_status":"closed","template":"","meta":{"footnotes":""},"class_list":["post-93","page","type-page","status-publish","has-post-thumbnail","hentry"],"_links":{"self":[{"href":"https:\/\/trioveda.de\/index.php?rest_route=\/wp\/v2\/pages\/93","targetHints":{"allow":["GET"]}}],"collection":[{"href":"https:\/\/trioveda.de\/index.php?rest_route=\/wp\/v2\/pages"}],"about":[{"href":"https:\/\/trioveda.de\/index.php?rest_route=\/wp\/v2\/types\/page"}],"author":[{"embeddable":true,"href":"https:\/\/trioveda.de\/index.php?rest_route=\/wp\/v2\/users\/1"}],"replies":[{"embeddable":true,"href":"https:\/\/trioveda.de\/index.php?rest_route=%2Fwp%2Fv2%2Fcomments&post=93"}],"version-history":[{"count":3,"href":"https:\/\/trioveda.de\/index.php?rest_route=\/wp\/v2\/pages\/93\/revisions"}],"predecessor-version":[{"id":182,"href":"https:\/\/trioveda.de\/index.php?rest_route=\/wp\/v2\/pages\/93\/revisions\/182"}],"wp:featuredmedia":[{"embeddable":true,"href":"https:\/\/trioveda.de\/index.php?rest_route=\/wp\/v2\/media\/125"}],"wp:attachment":[{"href":"https:\/\/trioveda.de\/index.php?rest_route=%2Fwp%2Fv2%2Fmedia&parent=93"}],"curies":[{"name":"wp","href":"https:\/\/api.w.org\/{rel}","templated":true}]}}